{"id":646,"date":"2023-12-11T12:52:44","date_gmt":"2023-12-11T11:52:44","guid":{"rendered":"https:\/\/buurtinfoquartier.be\/documents-et-liens\/"},"modified":"2024-02-21T15:01:32","modified_gmt":"2024-02-21T14:01:32","slug":"documenten-en-links","status":"publish","type":"page","link":"https:\/\/buurtinfoquartier.be\/nl\/documenten-en-links\/","title":{"rendered":"Documenten en links"},"content":{"rendered":"\n<details class=\"wp-block-details is-style-details-sante is-layout-flow wp-block-details-is-layout-flow\"><summary><strong>Gezondheid<\/strong><\/summary>\n<p>Gezondheid : Ik ben ziek, ik heb een gezondheidsprobleem maar ik weet niet waar ik terecht kan? Welke specialist kan mij helpen?<\/p>\n\n\n\n<p><a href=\"https:\/\/www.cass-cssa.be\/images\/Ma_Boussole_sant%C3%A9_VF.pdf\">Ma_Boussole_sant\u00e9.pdf<\/a><\/p>\n\n\n\n<ul class=\"wp-block-list\">\n<li>Garde Bruxelloise: M\u00e9decins g\u00e9n\u00e9ralistes conventionn\u00e9s 7 jours sur 7: <strong>garde fixe <\/strong>+ <strong>garde mobile : 02 201 22 22<\/strong><\/li>\n\n\n\n<li>Inami, Institut national d&#8217;assurance maladie-invalidit\u00e9 \u2013 <a href=\"http:\/\/www.inami.fgov.be\/\">www.inami.fgov.be<\/a><\/li>\n\n\n\n<li>Medimmigrant &#8211; <a href=\"http:\/\/www.medimmigrant.be\/\">http:\/\/www.medimmigrant.be\/<\/a><\/li>\n\n\n\n<li>Recherchez dans la liste de tous les m\u00e9decins g\u00e9n\u00e9ralistes <a href=\"https:\/\/famgb.be\/\">https:\/\/famgb.be\/<\/a><\/li>\n\n\n\n<li>Vous avez une Aide M\u00e9dicale Urgente : Trouver qui sur Schaerbeek peut vous recevoir!&nbsp;&nbsp;<\/li>\n<\/ul>\n\n\n\n<h3 class=\"wp-block-heading\">Sant\u00e9 mentale<\/h3>\n\n\n\n<p>La ligue bruxelloise francophone de sant\u00e9 mentale : <a href=\"http:\/\/www.lbfsm.be\/\">www.lbfsm.be<br><\/a>Leur site reprend entre autre la liste des services de sant\u00e9 mentale \u00e0 Bruxelles (regroup\u00e9s au sein de la F\u00e9d\u00e9ration des Services de la sant\u00e9 mentale bruxellois). <strong>S\u00e9ances avec un psychologue \u00e0 prix r\u00e9duit: <\/strong>List des psys et les langues qu\u2019ils parlent :<a href=\"https:\/\/psybru.be\/fr\"> https:\/\/psybru.be\/fr<\/a><\/p>\n\n\n\n<div class=\"wp-block-buttons is-layout-flex wp-block-buttons-is-layout-flex\">\n<div class=\"wp-block-button\"><a class=\"wp-block-button__link wp-element-button\">dfsdf<\/a><\/div>\n<\/div>\n\n\n\n<div class=\"wp-block-buttons is-layout-flex wp-block-buttons-is-layout-flex\">\n<div class=\"wp-block-button is-style-btn__primary-alt\"><a class=\"wp-block-button__link wp-element-button\">t\u00e9l\u00e9charger fiche example<\/a><\/div>\n<\/div>\n<\/details>\n\n\n\n<details class=\"wp-block-details is-style-details-logement is-layout-flow wp-block-details-is-layout-flow\"><summary>Huisvesting<\/summary>\n<p>Accommodatie : Ik ben op zoek naar woonruimte of heb een probleem met mijn huis? Heb ik advies of hulp nodig bij mijn rekeningen?<\/p>\n<\/details>\n\n\n\n<details class=\"wp-block-details is-style-details-alimentation is-layout-flow wp-block-details-is-layout-flow\"><summary>Stroomvoorziening<\/summary>\n<p>Eten: ik wil beter eten en\/of ik ben op zoek naar goede idee\u00ebn of hulp om goedkoper te eten? Ik heb geen zin om alleen te eten en ben op zoek naar een gezellige sfeer?<\/p>\n<\/details>\n\n\n\n<details class=\"wp-block-details is-style-details-aide is-layout-flow wp-block-details-is-layout-flow\"><summary>Hulp<\/summary>\n<p>Help : Ik heb administratieve problemen maar ik weet niet met wie ik contact moet opnemen? Ik moet iets online doen of heb een andere kleine dienst nodig?<\/p>\n<\/details>\n\n\n\n<details class=\"wp-block-details is-style-details-materiel is-layout-flow wp-block-details-is-layout-flow\"><summary>Materiaal<\/summary>\n<p>Uitrusting: Ik wil goedkopere uitrusting recupereren (meubels, kleding, enz.). Wil je een donatie doen? Ik heb een reparatie nodig?<\/p>\n<\/details>\n\n\n\n<details class=\"wp-block-details is-style-details-formation-travail is-layout-flow wp-block-details-is-layout-flow\"><summary>Training en werk<\/summary>\n<p>Opleiding en werk: ik zoek werk maar ik moet een CV opstellen? opleiding (beroepsopleiding, om Frans\/Nederlands te leren)? of ik heb een vakbond nodig?<\/p>\n<\/details>\n\n\n\n<details class=\"wp-block-details is-style-details-activites is-layout-flow wp-block-details-is-layout-flow\"><summary>Activiteiten \/ Vrije tijd<\/summary>\n<p>Activiteiten \/ Vrije tijd : Ik wil graag mijn vrije tijd besteden en deelnemen aan een activiteit? Ik wil plezier maken en\/of leren? Ik wil buren of mensen in een vergelijkbare situatie ontmoeten?<\/p>\n<\/details>\n\n\n\n<details class=\"wp-block-details is-style-details-enfants is-layout-flow wp-block-details-is-layout-flow\"><summary>Kinderen en jongeren<\/summary>\n<p>Kinderen en jongeren: Heeft mijn kind\/jongere hulp nodig op school? Wil hij deelnemen aan een activiteit? Ik heb een conflict met mijn kind\/tiener en ik heb hulp nodig?<\/p>\n<\/details>\n\n\n\n<details class=\"wp-block-details is-style-details-quartier is-layout-flow wp-block-details-is-layout-flow\"><summary>Mijn buurt<\/summary>\n<p>Mijn buurt: Wil je helpen om mijn buurt te verbeteren? Heb ik een idee\/project waar iedereen van kan profiteren?<\/p>\n<\/details>\n\n\n\n<details class=\"wp-block-details is-style-details-problemes is-layout-flow wp-block-details-is-layout-flow\"><summary>Problemen \/ conflicten<\/summary>\n<p>Problemen\/conflicten: Ik heb een conflict met iemand dat ik niet alleen kan oplossen? Ik ben getuige geweest van een aanval\/diefstal\/ander incident of ik ben slachtoffer?<\/p>\n<\/details>\n","protected":false},"excerpt":{"rendered":"","protected":false},"author":3,"featured_media":491,"parent":0,"menu_order":0,"comment_status":"closed","ping_status":"closed","template":"page-docs-links","meta":{"_tec_requires_first_save":true,"_monsterinsights_skip_tracking":false,"_monsterinsights_sitenote_active":false,"_monsterinsights_sitenote_note":"","_monsterinsights_sitenote_category":0,"_EventAllDay":false,"_EventTimezone":"","_EventStartDate":"","_EventEndDate":"","_EventStartDateUTC":"","_EventEndDateUTC":"","_EventShowMap":false,"_EventShowMapLink":false,"_EventURL":"","_EventCost":"","_EventCostDescription":"","_EventCurrencySymbol":"","_EventCurrencyCode":"","_EventCurrencyPosition":"","_EventDateTimeSeparator":"","_EventTimeRangeSeparator":"","_EventOrganizerID":[],"_EventVenueID":[],"_OrganizerEmail":"","_OrganizerPhone":"","_OrganizerWebsite":"","_VenueAddress":"","_VenueCity":"","_VenueCountry":"","_VenueProvince":"","_VenueState":"","_VenueZip":"","_VenuePhone":"","_VenueURL":"","_VenueStateProvince":"","_VenueLat":"","_VenueLng":"","_VenueShowMap":false,"_VenueShowMapLink":false,"_tribe_blocks_recurrence_rules":"","_tribe_blocks_recurrence_description":"","_tribe_blocks_recurrence_exclusions":"","footnotes":""},"class_list":["post-646","page","type-page","status-publish","has-post-thumbnail","hentry"],"_links":{"self":[{"href":"https:\/\/buurtinfoquartier.be\/nl\/wp-json\/wp\/v2\/pages\/646","targetHints":{"allow":["GET"]}}],"collection":[{"href":"https:\/\/buurtinfoquartier.be\/nl\/wp-json\/wp\/v2\/pages"}],"about":[{"href":"https:\/\/buurtinfoquartier.be\/nl\/wp-json\/wp\/v2\/types\/page"}],"author":[{"embeddable":true,"href":"https:\/\/buurtinfoquartier.be\/nl\/wp-json\/wp\/v2\/users\/3"}],"replies":[{"embeddable":true,"href":"https:\/\/buurtinfoquartier.be\/nl\/wp-json\/wp\/v2\/comments?post=646"}],"version-history":[{"count":4,"href":"https:\/\/buurtinfoquartier.be\/nl\/wp-json\/wp\/v2\/pages\/646\/revisions"}],"predecessor-version":[{"id":1272,"href":"https:\/\/buurtinfoquartier.be\/nl\/wp-json\/wp\/v2\/pages\/646\/revisions\/1272"}],"wp:featuredmedia":[{"embeddable":true,"href":"https:\/\/buurtinfoquartier.be\/nl\/wp-json\/wp\/v2\/media\/491"}],"wp:attachment":[{"href":"https:\/\/buurtinfoquartier.be\/nl\/wp-json\/wp\/v2\/media?parent=646"}],"curies":[{"name":"wp","href":"https:\/\/api.w.org\/{rel}","templated":true}]}}